{"id":2782,"date":"2014-06-30T16:13:58","date_gmt":"2014-06-30T16:13:58","guid":{"rendered":"http:\/\/www.vahvajussi.com\/firmast-2\/"},"modified":"2015-01-05T12:21:30","modified_gmt":"2015-01-05T12:21:30","slug":"firmast","status":"publish","type":"page","link":"https:\/\/www.vahvajussi.com\/fi\/firmast\/","title":{"rendered":"YRITYKSEST\u00c4"},"content":{"rendered":"<section id=\"section_0\" class=\"section  section-border-no section-height-content section-parallax-no section-bgtype-image section-fixed-background-yes  section-bgstyle-stretch section-triangle-no triangle-location-top section-overlay-no section-overlay-dot-no \" data-parallax_speed=\"0.8\" style=\"padding-top:80px;padding-bottom:80px;\" data-video-ratio=\"\"><div class=\"section-overlay\"><\/div><div class=\"container section-content\"><div class=\"row-fluid\"><div class=\"row-fluid bottom-margin-no \">\n\t<div class=\"span6\">\n\t\t<div class=\"inner-content\">\n\t\t\t\n\t<h1 class=\"title textleft default divider-dark divider-default textDefault color-default\" style=\"margin-bottom:20px\"><span>Yrityksest\u00e4y<\/span>\n\t<\/h1>\n\n\t<div class=\"column-text clearfix\">\n\t\tKreisi Metall O\u00dc on virolaisella ja suomalaisella p\u00e4\u00e4omalla toimiva yritys. Olemme hankkineet vuodesta 2006 l\u00e4htien kokemuksia ja tietoja tarjotaksemme asiakkaillemme sit\u00e4, mit\u00e4 he tarvitsevat ja aina my\u00f6s hieman enemm\u00e4n. Vahva Jussi -tuotemerkill\u00e4 valmistettavat mets\u00e4kuormaimet ja -per\u00e4vaunut tunnetaan moitteettomasta kokoonpanolaadustaan sek\u00e4 kest\u00e4vyydest\u00e4\u00e4n.<\/p>\n<p>Olemme kehittyneet vakaasti ja voimakkaasti yhteisty\u00f6kumppaneidemme, j\u00e4lleenmyyjiemme sek\u00e4 asiakkaidemme luottamuksen ja hyv\u00e4n yhteisty\u00f6n ansiosta. Rehellisyys, lojaalius, ammattitaito ovat avainsanoja, jotka ovat periaatteita asiakassuhteissamme.\n\t<\/div> \n\t\t<\/div> \n\t<\/div> \n\n\t<div class=\"span6\">\n\t\t<div class=\"inner-content\">\n\t\t\t\n\t<div class=\"single-image img-align-none \" data-animation-delay=\"100\" data-animation-effect=\"\">\n\t\t<img loading=\"lazy\" decoding=\"async\" width=\"1200\" height=\"800\" src=\"https:\/\/www.vahvajussi.com\/wp-content\/uploads\/2014\/06\/photo-2-of-45.jpg\" class=\"attachment- size-\" alt=\"\" srcset=\"https:\/\/www.vahvajussi.com\/wp-content\/uploads\/2014\/06\/photo-2-of-45.jpg 1200w, https:\/\/www.vahvajussi.com\/wp-content\/uploads\/2014\/06\/photo-2-of-45-300x200.jpg 300w, https:\/\/www.vahvajussi.com\/wp-content\/uploads\/2014\/06\/photo-2-of-45-1030x686.jpg 1030w\" sizes=\"auto, (max-width: 1200px) 100vw, 1200px\" \/>\n\t\t\t\n\t<\/div> \n\t\t<\/div> \n\t<\/div> \n<\/div><\/div><\/div><\/section><\/div><\/div><\/section><style type=\"text\/css\">#section_1:after{border-top-color:#ffffff}#section_1.triangle-location-bottom:after{border-bottom-color:#ffffff}<\/style><section id=\"section_1\" class=\"section  section-border-no section-height-content section-parallax-no section-bgtype-image section-fixed-background-yes  section-bgstyle-stretch section-triangle-yes triangle-location-top section-overlay-no section-overlay-dot-no \" data-parallax_speed=\"0.8\" style=\"padding-top:80px;padding-bottom:90px;background-color:#0a0a0a;\" data-video-ratio=\"\"><div class=\"section-overlay\"><\/div><div class=\"container section-content\"><div class=\"row-fluid\">\n\t<h2 class=\"title textcenter default divider-dark divider-default textuppercase color-default\" style=\"margin-bottom:0px\"><span>TUTUSTU TUOTEVALIKOIMAAMME<\/span>\n\t<\/h2>\n<div  class=\"hr border-medium normal-border aligncenter hr-border-dark hr-with-icon\" style=\"margin-top:20px;margin-bottom:50px;\"><span><i class=\"fa-circle-blank\"><\/i><\/span><\/div>\n<div id=\"portfolio_1\" class=\"portfolio \" ><div class=\"general-items style2 portfolio-items filterable-items portfolio-style1 overlay-style1 columns-3 element-padding-no  animate-when-visible\" data-columns=\"3\" data-fullwidth=\"no\" data-animation-delay=\"0\" data-animation-effect=\"fadeIn\"><div class=\"portfolio-item tostukid-fi  span \"><div class=\"inner-content\"><div class=\"image hoverlay\"><img loading=\"lazy\" decoding=\"async\" src=\"https:\/\/www.vahvajussi.com\/wp-content\/uploads\/2014\/07\/photo-32-of-45-300x200.jpg\" width=\"300\" height=\"200\" alt=\"photo (32 of 45)\" \/><div class=\"overlay\"><div class=\"overlay-content\"><a href=\"https:\/\/www.vahvajussi.com\/fi\/portfolio\/vahva-jussi-320\/\" title=\"Vahva Jussi 320\" class=\"icon\"><i class=\"fa-add\"><\/i><\/a><\/div><\/div><\/div><div class=\"info\"><h5><a href=\"https:\/\/www.vahvajussi.com\/fi\/portfolio\/vahva-jussi-320\/\" title=\"Vahva Jussi 320\">Vahva Jussi 320<\/a><\/h5><\/div><\/div><\/div><div class=\"portfolio-item tostukid-fi  span \"><div class=\"inner-content\"><div class=\"image hoverlay\"><img loading=\"lazy\" decoding=\"async\" src=\"https:\/\/www.vahvajussi.com\/wp-content\/uploads\/2014\/07\/photo-35-of-45-300x200.jpg\" width=\"300\" height=\"200\" alt=\"photo (35 of 45)\" \/><div class=\"overlay\"><div class=\"overlay-content\"><a href=\"https:\/\/www.vahvajussi.com\/fi\/portfolio\/vahva-jussi-2\/\" title=\"Vahva Jussi 400\" class=\"icon\"><i class=\"fa-add\"><\/i><\/a><\/div><\/div><\/div><div class=\"info\"><h5><a href=\"https:\/\/www.vahvajussi.com\/fi\/portfolio\/vahva-jussi-2\/\" title=\"Vahva Jussi 400\">Vahva Jussi 400<\/a><\/h5><\/div><\/div><\/div><div class=\"portfolio-item haagised-fi  span \"><div class=\"inner-content\"><div class=\"image hoverlay\"><img loading=\"lazy\" decoding=\"async\" src=\"https:\/\/www.vahvajussi.com\/wp-content\/uploads\/2014\/07\/photo-2-of-451-300x200.jpg\" width=\"300\" height=\"200\" alt=\"photo (2 of 45)\" \/><div class=\"overlay\"><div class=\"overlay-content\"><a href=\"https:\/\/www.vahvajussi.com\/fi\/portfolio\/vahva-jussi-3\/\" title=\"Per\u00e4vaunut\" class=\"icon\"><i class=\"fa-add\"><\/i><\/a><\/div><\/div><\/div><div class=\"info\"><h5><a href=\"https:\/\/www.vahvajussi.com\/fi\/portfolio\/vahva-jussi-3\/\" title=\"Per\u00e4vaunut\">Per\u00e4vaunut<\/a><\/h5><\/div><\/div><\/div><div class=\"portfolio-item hudrojaamad-fi  span \"><div class=\"inner-content\"><div class=\"image hoverlay\"><img loading=\"lazy\" decoding=\"async\" src=\"https:\/\/www.vahvajussi.com\/wp-content\/uploads\/2014\/07\/photo-8-of-45-300x200.jpg\" width=\"300\" height=\"200\" alt=\"photo (8 of 45)\" \/><div class=\"overlay\"><div class=\"overlay-content\"><a href=\"https:\/\/www.vahvajussi.com\/fi\/portfolio\/vahva-jussi-4\/\" title=\"Hydrauliyksik\u00f6t\" class=\"icon\"><i class=\"fa-add\"><\/i><\/a><\/div><\/div><\/div><div class=\"info\"><h5><a href=\"https:\/\/www.vahvajussi.com\/fi\/portfolio\/vahva-jussi-4\/\" title=\"Hydrauliyksik\u00f6t\">Hydrauliyksik\u00f6t<\/a><\/h5><\/div><\/div><\/div><div class=\"portfolio-item kallutav-kast-ja-kopp-fi  span \"><div class=\"inner-content\"><div class=\"image hoverlay\"><img loading=\"lazy\" decoding=\"async\" src=\"https:\/\/www.vahvajussi.com\/wp-content\/uploads\/2014\/07\/photo-13-of-45-300x200.jpg\" width=\"300\" height=\"200\" alt=\"photo (13 of 45)\" \/><div class=\"overlay\"><div class=\"overlay-content\"><a href=\"https:\/\/www.vahvajussi.com\/fi\/portfolio\/vahva-jussi-5\/\" title=\"Kippilava ja kauha\" class=\"icon\"><i class=\"fa-add\"><\/i><\/a><\/div><\/div><\/div><div class=\"info\"><h5><a href=\"https:\/\/www.vahvajussi.com\/fi\/portfolio\/vahva-jussi-5\/\" title=\"Kippilava ja kauha\">Kippilava ja kauha<\/a><\/h5><\/div><\/div><\/div><div class=\"portfolio-item lisavarustus-fi  span \"><div class=\"inner-content\"><div class=\"image hoverlay\"><img loading=\"lazy\" decoding=\"async\" src=\"https:\/\/www.vahvajussi.com\/wp-content\/uploads\/2014\/07\/photo-15-of-45-300x200.jpg\" width=\"300\" height=\"200\" alt=\"photo (15 of 45)\" \/><div class=\"overlay\"><div class=\"overlay-content\"><a href=\"https:\/\/www.vahvajussi.com\/fi\/portfolio\/vahva-jussi-6\/\" title=\"Valinnainen\" class=\"icon\"><i class=\"fa-add\"><\/i><\/a><\/div><\/div><\/div><div class=\"info\"><h5><a href=\"https:\/\/www.vahvajussi.com\/fi\/portfolio\/vahva-jussi-6\/\" title=\"Valinnainen\">Valinnainen<\/a><\/h5><\/div><\/div><\/div><\/div><\/div><\/div><\/div><\/section>\n","protected":false},"excerpt":{"rendered":"","protected":false},"author":1,"featured_media":0,"parent":0,"menu_order":0,"comment_status":"closed","ping_status":"open","template":"","meta":{"footnotes":""},"class_list":["post-2782","page","type-page","status-publish","hentry"],"_links":{"self":[{"href":"https:\/\/www.vahvajussi.com\/fi\/wp-json\/wp\/v2\/pages\/2782","targetHints":{"allow":["GET"]}}],"collection":[{"href":"https:\/\/www.vahvajussi.com\/fi\/wp-json\/wp\/v2\/pages"}],"about":[{"href":"https:\/\/www.vahvajussi.com\/fi\/wp-json\/wp\/v2\/types\/page"}],"author":[{"embeddable":true,"href":"https:\/\/www.vahvajussi.com\/fi\/wp-json\/wp\/v2\/users\/1"}],"replies":[{"embeddable":true,"href":"https:\/\/www.vahvajussi.com\/fi\/wp-json\/wp\/v2\/comments?post=2782"}],"version-history":[{"count":4,"href":"https:\/\/www.vahvajussi.com\/fi\/wp-json\/wp\/v2\/pages\/2782\/revisions"}],"predecessor-version":[{"id":2951,"href":"https:\/\/www.vahvajussi.com\/fi\/wp-json\/wp\/v2\/pages\/2782\/revisions\/2951"}],"wp:attachment":[{"href":"https:\/\/www.vahvajussi.com\/fi\/wp-json\/wp\/v2\/media?parent=2782"}],"curies":[{"name":"wp","href":"https:\/\/api.w.org\/{rel}","templated":true}]}}