{"id":2776,"date":"2014-06-30T16:13:46","date_gmt":"2014-06-30T16:13:46","guid":{"rendered":"http:\/\/www.vahvajussi.com\/avaleht-2\/"},"modified":"2014-12-17T11:49:13","modified_gmt":"2014-12-17T11:49:13","slug":"avaleht","status":"publish","type":"page","link":"https:\/\/www.vahvajussi.com\/fi\/","title":{"rendered":"ALOITUSSIVU"},"content":{"rendered":"<div class=\"row-fluid bottom-margin-yes \">\n\t<div class=\"span12\">\n\t\t<div class=\"inner-content\">\n\t\t\t<style type='text\/css'>#feature_boxes_1 .feature_box > .brad-icon{color:#444444;color:rgba(68,68,68,1);}<\/style>\n\t<div id=\"feature_boxes_container_1\" class=\"clearfix\" style=\"margin-bottom:0\">\n\t\t<div id=\"feature_boxes_1\" class=\"row-fluid style1 background-shadow-no background-radius-yes feature_boxes box-style3 normal-size element-inner-vertical-padding-medium element-inner-horizental-padding-medium  iconbox-style1 title-divider-yes title-divider-light title-divider-default align-content-center-yes align-icon-center-yes columns-3 crease-background-no element-padding-medium  \">\n\t\t\t<div class=\"span\"><div class=\"inner-content \" data-animation-delay=\"0\" data-animation-effect=\"\"><div class=\"feature_box\"><span  class=\"brad-icon \" data-animation-delay=\"0\" data-animation-effect=\"\"><i class=\"ss-air ss-check\"><\/i><\/span><div class=\"feature-content\">\n<h2><a href=\"http:\/\/www.vahvajussi.com\/fi\/tooted\/\">KUORMAIMET<\/a><\/h2>\n<p><a href=\"http:\/\/www.vahvajussi.com\/fi\/tooted\/\"><img loading=\"lazy\" decoding=\"async\" class=\"aligncenter size-medium wp-image-2600\" src=\"http:\/\/www.vahvajussi.com\/wp-content\/uploads\/2014\/12\/12.png\" alt=\"12\" width=\"300\" height=\"200\" \/><\/a><\/p>\n<h4>VAHVA JUSSI -KUORMAIMILLE ON OMINAISTA KEVEYS, KEST\u00c4VYYS VAATIVISSA OLOSUHTEISSA SEK\u00c4 MOITTEETON KOKOONPANOLAATU.<\/h4>\n<\/div><\/div><\/div><\/div><div class=\"span\"><div class=\"inner-content \" data-animation-delay=\"0\" data-animation-effect=\"\"><div class=\"feature_box\"><span  class=\"brad-icon \" data-animation-delay=\"0\" data-animation-effect=\"\"><i class=\"ss-air ss-check\"><\/i><\/span><div class=\"feature-content\">\n<h2><a href=\"http:\/\/www.vahvajussi.com\/fi\/tooted\/\">PER\u00c4VAUNUT<\/a><\/h2>\n<p><a href=\"http:\/\/www.vahvajussi.com\/fi\/tooted\/\"><img loading=\"lazy\" decoding=\"async\" class=\"aligncenter size-medium wp-image-2607\" src=\"http:\/\/www.vahvajussi.com\/wp-content\/uploads\/2014\/12\/2.png\" alt=\"lisad\" width=\"300\" height=\"200\" \/><\/a><\/p>\n<h4>PER\u00c4VAUNUT ON RAKENNETTU KORKEALAATUISISTA MATERIALEISTA JA RUNKO VAHVASTA PUTKIRAKENTEESTA, MIK\u00c4 VARMISTAA KEST\u00c4VYYDEN.<\/h4>\n<\/div><\/div><\/div><\/div><div class=\"span\"><div class=\"inner-content \" data-animation-delay=\"0\" data-animation-effect=\"\"><div class=\"feature_box\"><span  class=\"brad-icon \" data-animation-delay=\"0\" data-animation-effect=\"\"><i class=\"ss-air ss-check\"><\/i><\/span><div class=\"feature-content\">\n<h2><a href=\"http:\/\/www.vahvajussi.com\/fi\/tooted\/\">LIS\u00c4VARUSTEET<\/a><\/h2>\n<p><a href=\"http:\/\/www.vahvajussi.com\/fi\/tooted\/\"><img loading=\"lazy\" decoding=\"async\" class=\"aligncenter size-medium wp-image-2604\" src=\"http:\/\/www.vahvajussi.com\/wp-content\/uploads\/2014\/12\/3.jpg\" alt=\"t\u00f5stukid\" width=\"300\" height=\"200\" \/><\/a><\/p>\n<h4>VOITTE VALITA LIS\u00c4VARUSTEIDEN JOUKOSTA SOPIVAT LIS\u00c4LAITTEET HELPOTTAMAAN JA NOPEUTTAMAMAAN TY\u00d6T\u00c4.<\/h4>\n<\/div><\/div><\/div><\/div>\n\t\t<\/div>\n\t<\/div>\n\n\t\t<\/div> \n\t<\/div> \n<\/div><style type=\"text\/css\">#section_0:after{border-top-color:#ffffff}#section_0.triangle-location-bottom:after{border-bottom-color:#ffffff}<\/style><section id=\"section_0\" class=\"section  section-border-no section-height-content section-parallax-no section-bgtype-image section-fixed-background-yes  section-bgstyle-stretch section-triangle-yes triangle-location-top section-overlay-no section-overlay-dot-no \" data-parallax_speed=\"0.8\" style=\"padding-top:80px;padding-bottom:90px;background-color:#0a0a0a;\" data-video-ratio=\"\"><div class=\"section-overlay\"><\/div><div class=\"container section-content\"><div class=\"row-fluid\">\n\t<h2 class=\"title textcenter default divider-dark divider-default textuppercase color-default\" style=\"margin-bottom:0px\"><span>TUTUSTU TUOTEVALIKOIMAAMME<\/span>\n\t<\/h2>\n<div  class=\"hr border-medium normal-border aligncenter hr-border-dark hr-with-icon\" style=\"margin-top:20px;margin-bottom:50px;\"><span><i class=\"fa-circle-blank\"><\/i><\/span><\/div>\n<div id=\"portfolio_1\" class=\"portfolio \" ><div class=\"general-items style2 portfolio-items filterable-items portfolio-style1 overlay-style1 columns-3 element-padding-no  animate-when-visible\" data-columns=\"3\" data-fullwidth=\"no\" data-animation-delay=\"0\" data-animation-effect=\"fadeIn\"><div class=\"portfolio-item tostukid-fi  span \"><div class=\"inner-content\"><div class=\"image hoverlay\"><img loading=\"lazy\" decoding=\"async\" src=\"https:\/\/www.vahvajussi.com\/wp-content\/uploads\/2014\/07\/photo-32-of-45-300x200.jpg\" width=\"300\" height=\"200\" alt=\"photo (32 of 45)\" \/><div class=\"overlay\"><div class=\"overlay-content\"><a href=\"https:\/\/www.vahvajussi.com\/fi\/portfolio\/vahva-jussi-320\/\" title=\"Vahva Jussi 320\" class=\"icon\"><i class=\"fa-add\"><\/i><\/a><\/div><\/div><\/div><div class=\"info\"><h5><a href=\"https:\/\/www.vahvajussi.com\/fi\/portfolio\/vahva-jussi-320\/\" title=\"Vahva Jussi 320\">Vahva Jussi 320<\/a><\/h5><\/div><\/div><\/div><div class=\"portfolio-item tostukid-fi  span \"><div class=\"inner-content\"><div class=\"image hoverlay\"><img loading=\"lazy\" decoding=\"async\" src=\"https:\/\/www.vahvajussi.com\/wp-content\/uploads\/2014\/07\/photo-35-of-45-300x200.jpg\" width=\"300\" height=\"200\" alt=\"photo (35 of 45)\" \/><div class=\"overlay\"><div class=\"overlay-content\"><a href=\"https:\/\/www.vahvajussi.com\/fi\/portfolio\/vahva-jussi-2\/\" title=\"Vahva Jussi 400\" class=\"icon\"><i class=\"fa-add\"><\/i><\/a><\/div><\/div><\/div><div class=\"info\"><h5><a href=\"https:\/\/www.vahvajussi.com\/fi\/portfolio\/vahva-jussi-2\/\" title=\"Vahva Jussi 400\">Vahva Jussi 400<\/a><\/h5><\/div><\/div><\/div><div class=\"portfolio-item haagised-fi  span \"><div class=\"inner-content\"><div class=\"image hoverlay\"><img loading=\"lazy\" decoding=\"async\" src=\"https:\/\/www.vahvajussi.com\/wp-content\/uploads\/2014\/07\/photo-2-of-451-300x200.jpg\" width=\"300\" height=\"200\" alt=\"photo (2 of 45)\" \/><div class=\"overlay\"><div class=\"overlay-content\"><a href=\"https:\/\/www.vahvajussi.com\/fi\/portfolio\/vahva-jussi-3\/\" title=\"Per\u00e4vaunut\" class=\"icon\"><i class=\"fa-add\"><\/i><\/a><\/div><\/div><\/div><div class=\"info\"><h5><a href=\"https:\/\/www.vahvajussi.com\/fi\/portfolio\/vahva-jussi-3\/\" title=\"Per\u00e4vaunut\">Per\u00e4vaunut<\/a><\/h5><\/div><\/div><\/div><div class=\"portfolio-item hudrojaamad-fi  span \"><div class=\"inner-content\"><div class=\"image hoverlay\"><img loading=\"lazy\" decoding=\"async\" src=\"https:\/\/www.vahvajussi.com\/wp-content\/uploads\/2014\/07\/photo-8-of-45-300x200.jpg\" width=\"300\" height=\"200\" alt=\"photo (8 of 45)\" \/><div class=\"overlay\"><div class=\"overlay-content\"><a href=\"https:\/\/www.vahvajussi.com\/fi\/portfolio\/vahva-jussi-4\/\" title=\"Hydrauliyksik\u00f6t\" class=\"icon\"><i class=\"fa-add\"><\/i><\/a><\/div><\/div><\/div><div class=\"info\"><h5><a href=\"https:\/\/www.vahvajussi.com\/fi\/portfolio\/vahva-jussi-4\/\" title=\"Hydrauliyksik\u00f6t\">Hydrauliyksik\u00f6t<\/a><\/h5><\/div><\/div><\/div><div class=\"portfolio-item kallutav-kast-ja-kopp-fi  span \"><div class=\"inner-content\"><div class=\"image hoverlay\"><img loading=\"lazy\" decoding=\"async\" src=\"https:\/\/www.vahvajussi.com\/wp-content\/uploads\/2014\/07\/photo-13-of-45-300x200.jpg\" width=\"300\" height=\"200\" alt=\"photo (13 of 45)\" \/><div class=\"overlay\"><div class=\"overlay-content\"><a href=\"https:\/\/www.vahvajussi.com\/fi\/portfolio\/vahva-jussi-5\/\" title=\"Kippilava ja kauha\" class=\"icon\"><i class=\"fa-add\"><\/i><\/a><\/div><\/div><\/div><div class=\"info\"><h5><a href=\"https:\/\/www.vahvajussi.com\/fi\/portfolio\/vahva-jussi-5\/\" title=\"Kippilava ja kauha\">Kippilava ja kauha<\/a><\/h5><\/div><\/div><\/div><div class=\"portfolio-item lisavarustus-fi  span \"><div class=\"inner-content\"><div class=\"image hoverlay\"><img loading=\"lazy\" decoding=\"async\" src=\"https:\/\/www.vahvajussi.com\/wp-content\/uploads\/2014\/07\/photo-15-of-45-300x200.jpg\" width=\"300\" height=\"200\" alt=\"photo (15 of 45)\" \/><div class=\"overlay\"><div class=\"overlay-content\"><a href=\"https:\/\/www.vahvajussi.com\/fi\/portfolio\/vahva-jussi-6\/\" title=\"Valinnainen\" class=\"icon\"><i class=\"fa-add\"><\/i><\/a><\/div><\/div><\/div><div class=\"info\"><h5><a href=\"https:\/\/www.vahvajussi.com\/fi\/portfolio\/vahva-jussi-6\/\" title=\"Valinnainen\">Valinnainen<\/a><\/h5><\/div><\/div><\/div><\/div><\/div><\/div><\/div><\/section><\/div><\/div><\/section><style type=\"text\/css\">#section_1:after{border-top-color:#000000}#section_1.triangle-location-bottom:after{border-bottom-color:#000000}<\/style><section id=\"section_1\" class=\"section  section-border-no section-height-content section-parallax-yes section-bgtype-image section-fixed-background-yes  section-bgstyle-stretch section-triangle-yes triangle-location-top section-overlay-no section-overlay-dot-no \" data-parallax_speed=\"0.6\" style=\"padding-top:110px;padding-bottom:120px;background-color:#ffffff;background-image:url(https:\/\/www.vahvajussi.com\/wp-content\/uploads\/2014\/06\/slider1.jpg);\" data-video-ratio=\"\"><div class=\"section-overlay\"><\/div><div class=\"container section-content\"><div class=\"row-fluid\"><div class=\"row-fluid bottom-margin-no \">\n\t<div class=\"span3\">\n\t\t<div class=\"inner-content\">\n\t\t\t<div class=\"gap \" style=\"height:20px;line-height:20px;\" ><\/div>\n\n\t\t<\/div> \n\t<\/div> \n\n\t<div class=\"span6\">\n\t\t<div class=\"inner-content\">\n\t\t\t\n\t<div id=\"brad_box_1\" class=\"box  border-bottom-radius-yes border-top-radius-yes  \" style=\"padding:35px 40px 40px;background-color:#eeee22;background-color:rgba(238,238,34,0.85);\">\n\t\t\n\t<h4 class=\"title textleft default divider-dark divider-default textuppercase color-default\" style=\"margin-bottom:0px\"><span>VAHVA JUSSI -METS\u00c4TEKNIIKKA \u2013 LAADUKKAAKSI OSOITTAUTUNUT<\/span>\n\t<\/h4>\n<div  class=\"hr border-small double-border alignleft hr-border-dark\" style=\"margin-top:15px;margin-bottom:20px;\"><span><\/span><\/div>\n\n\t<div class=\"column-text clearfix\">\n\t\tOlemme valmistaneet vuodesta 2006 l\u00e4htien Vahva Jussi -mets\u00e4kuormaajia ja -per\u00e4vaunuja, jotka on kehitetty mets\u00e4nhoitoon ja puutavaran kuljetukseen ATV- ja UTV-m\u00f6nkij\u00f6ill\u00e4 sek\u00e4 pikkutraktoreilla. Tuotteiden keveys ja kest\u00e4vyys auttavat liikkumaan nopeasti vaikeassa maastossa luontoa vahingoittamatta. Harvennushakkuu, taimikonhoito ja mets\u00e4teiden kunnossapito onnistuvat helposti Vahva Jussi -mets\u00e4koneilla. Vahva Jussi -tuotteet ovat todistaneet luotettavuutensa Virossa, Skandinaviassa sek\u00e4 muualla Euroopassa.\n\t<\/div> <div class=\"gap \" style=\"height:20px;line-height:20px;\" ><\/div>\n<style type='text\/css'>#brad_button_1:hover .brad-icon{ background-color:#4d4d4d;border-color:#4d4d4d;}#brad_button_1 .brad-icon{color:#ffffff;background-color:#2a2a2a;}<\/style><a id=\"brad_button_1\" class=\"readmore\" title=\"Lue Lis\u00e4\u00e4\" href=\"http:\/\/www.vahvajussi.com\/?page_id=229\"><span  class=\"brad-icon style3 size-medium icon-left\" ><i class=\"ss-air ss-navigateright\"><\/i><\/span>Lue Lis\u00e4\u00e4<\/a>\n\n\t<\/div>\n\t\t<\/div> \n\t<\/div> \n\n\t<div class=\"span3\">\n\t\t<div class=\"inner-content\">\n\t\t\t\n\t\t<\/div> \n\t<\/div> \n<\/div><\/div><\/div><\/section><\/div><\/div><\/section><section id=\"section_2\" class=\"section  section-border-no section-height-content section-parallax-no section-bgtype-image section-fixed-background-yes  section-bgstyle-stretch section-triangle-no triangle-location-top section-overlay-no section-overlay-dot-no \" data-parallax_speed=\"0.8\" style=\"padding-top:90px;padding-bottom:100px;\" data-video-ratio=\"\"><div class=\"section-overlay\"><\/div><div class=\"container section-content\"><div class=\"row-fluid\"><div class=\"row-fluid bottom-margin-no \">\n\t<div class=\"span12\">\n\t\t<div class=\"inner-content\">\n\t\t\t\n\t<h4 class=\"title textleft style1 divider-dark divider-default textuppercase color-default\" style=\"margin-bottom:25px\"><span>YRITYKSEST\u00c4<\/span>\n\t<\/h4>\n\n\t<div class=\"column-text clearfix\">\n\t\tKreisi Metall O\u00dc on virolaisella ja suomalaisella p\u00e4\u00e4omalla toimiva yritys. Olemme hankkineet vuodesta 2006 l\u00e4htien kokemuksia ja tietoja tarjotaksemme asiakkaillemme sit\u00e4, mit\u00e4 he tarvitsevat ja aina my\u00f6s hieman enemm\u00e4n. Vahva Jussi -tuotemerkill\u00e4 valmistettavat mets\u00e4kuormaimet ja -per\u00e4vaunut tunnetaan moitteettomasta kokoonpanolaadustaan sek\u00e4 kest\u00e4vyydest\u00e4\u00e4n.<\/p>\n<p>Olemme kehittyneet vakaasti ja voimakkaasti yhteisty\u00f6kumppaneidemme, j\u00e4lleenmyyjiemme sek\u00e4 asiakkaidemme luottamuksen ja hyv\u00e4n yhteisty\u00f6n ansiosta. Rehellisyys, lojaalius, ammattitaito ovat avainsanoja, jotka ovat periaatteita asiakassuhteissamme.<\/p>\n<p>Kunnioittaen<br \/>\nKreisi Metall O\u00dc\n\t<\/div> \n\t\t<\/div> \n\t<\/div> \n<\/div><\/div><\/div><\/section>\n","protected":false},"excerpt":{"rendered":"","protected":false},"author":1,"featured_media":0,"parent":0,"menu_order":0,"comment_status":"closed","ping_status":"open","template":"","meta":{"footnotes":""},"class_list":["post-2776","page","type-page","status-publish","hentry"],"_links":{"self":[{"href":"https:\/\/www.vahvajussi.com\/fi\/wp-json\/wp\/v2\/pages\/2776","targetHints":{"allow":["GET"]}}],"collection":[{"href":"https:\/\/www.vahvajussi.com\/fi\/wp-json\/wp\/v2\/pages"}],"about":[{"href":"https:\/\/www.vahvajussi.com\/fi\/wp-json\/wp\/v2\/types\/page"}],"author":[{"embeddable":true,"href":"https:\/\/www.vahvajussi.com\/fi\/wp-json\/wp\/v2\/users\/1"}],"replies":[{"embeddable":true,"href":"https:\/\/www.vahvajussi.com\/fi\/wp-json\/wp\/v2\/comments?post=2776"}],"version-history":[{"count":13,"href":"https:\/\/www.vahvajussi.com\/fi\/wp-json\/wp\/v2\/pages\/2776\/revisions"}],"predecessor-version":[{"id":2975,"href":"https:\/\/www.vahvajussi.com\/fi\/wp-json\/wp\/v2\/pages\/2776\/revisions\/2975"}],"wp:attachment":[{"href":"https:\/\/www.vahvajussi.com\/fi\/wp-json\/wp\/v2\/media?parent=2776"}],"curies":[{"name":"wp","href":"https:\/\/api.w.org\/{rel}","templated":true}]}}