{"id":292,"date":"2014-06-30T16:15:06","date_gmt":"2014-06-30T16:15:06","guid":{"rendered":"http:\/\/www.vahvajussi.com\/?page_id=292"},"modified":"2016-08-18T10:17:11","modified_gmt":"2016-08-18T10:17:11","slug":"kontakt","status":"publish","type":"page","link":"https:\/\/www.vahvajussi.com\/de\/kontakt\/","title":{"rendered":"KONTAKT"},"content":{"rendered":"<section id=\"section_0\" class=\"section grid-940 section-border-no section-height-content section-parallax-no section-bgtype-image section-fixed-background-yes  section-bgstyle-stretch section-triangle-no triangle-location-top section-overlay-no section-overlay-dot-no \" data-parallax_speed=\"0.8\" style=\"padding-top:80px;padding-bottom:90px;\" data-video-ratio=\"\"><div class=\"section-overlay\"><\/div><div class=\"container section-content\"><div class=\"row-fluid\">\n\t<h3 class=\"title textcenter default divider-dark divider-default textuppercase color-default\" style=\"margin-bottom:15px\"><span>Wenden Sie sich an uns<\/span>\n\t<\/h3>\n\n\t<div class=\"column-text clearfix\">\n\t\t\n<p style=\"text-align: center;\">Sie erreichen uns \u00fcber das folgende Kontaktformular.<\/p>\n\n\t<\/div> <div  class=\"hr border-medium normal-border aligncenter hr-border-light hr-with-icon\" style=\"margin-top:15px;margin-bottom:60px;\"><span><i class=\"ss-air ss-send\"><\/i><\/span><\/div>\n\n\t<div class=\"column-text clearfix\">\n\t\t\n\n<div class=\"wpcf7 no-js\" id=\"wpcf7-f586-o1\" lang=\"de-DE\" dir=\"ltr\" data-wpcf7-id=\"586\">\n<div class=\"screen-reader-response\"><p role=\"status\" aria-live=\"polite\" aria-atomic=\"true\"><\/p> <ul><\/ul><\/div>\n<form action=\"\/de\/wp-json\/wp\/v2\/pages\/292#wpcf7-f586-o1\" method=\"post\" class=\"wpcf7-form init\" aria-label=\"Contact form\" novalidate=\"novalidate\" data-status=\"init\">\n<div style=\"display: none;\">\n<input type=\"hidden\" name=\"_wpcf7\" value=\"586\" \/>\n<input type=\"hidden\" name=\"_wpcf7_version\" value=\"6.0.6\" \/>\n<input type=\"hidden\" name=\"_wpcf7_locale\" value=\"de_DE\" \/>\n<input type=\"hidden\" name=\"_wpcf7_unit_tag\" value=\"wpcf7-f586-o1\" \/>\n<input type=\"hidden\" name=\"_wpcf7_container_post\" value=\"0\" \/>\n<input type=\"hidden\" name=\"_wpcf7_posted_data_hash\" value=\"\" \/>\n<\/div>\n<p><span class=\"wpcf7-form-control-wrap\" data-name=\"your-name\"><input size=\"40\" maxlength=\"400\" class=\"wpcf7-form-control wpcf7-text wpcf7-validates-as-required\" aria-required=\"true\" aria-invalid=\"false\" placeholder=\"Ihr Name (Pflichtfeld)\" value=\"\" type=\"text\" name=\"your-name\" \/><\/span>\n<\/p>\n<p><span class=\"wpcf7-form-control-wrap\" data-name=\"your-email\"><input size=\"40\" maxlength=\"400\" class=\"wpcf7-form-control wpcf7-email wpcf7-validates-as-required wpcf7-text wpcf7-validates-as-email\" aria-required=\"true\" aria-invalid=\"false\" placeholder=\"Ihre E-Mail-Adresse (Pflichtfeld)\" value=\"\" type=\"email\" name=\"your-email\" \/><\/span>\n<\/p>\n<p><span class=\"wpcf7-form-control-wrap\" data-name=\"your-message\"><textarea cols=\"40\" rows=\"10\" maxlength=\"2000\" class=\"wpcf7-form-control wpcf7-textarea\" aria-invalid=\"false\" placeholder=\"Ihre Nachricht\" name=\"your-message\"><\/textarea><\/span>\n<\/p>\n<p><input type=\"hidden\" name=\"_wpcf7_captcha_challenge_captcha-688\" value=\"1402876907\" \/><img loading=\"lazy\" decoding=\"async\" class=\"wpcf7-form-control wpcf7-captchac wpcf7-captcha-captcha-688\" width=\"72\" height=\"24\" alt=\"captcha\" src=\"https:\/\/www.vahvajussi.com\/wp-content\/uploads\/wpcf7_captcha\/1402876907.png\" \/><span class=\"wpcf7-form-control-wrap\" data-name=\"captcha-688\"><input size=\"40\" class=\"wpcf7-form-control wpcf7-captchar\" autocomplete=\"off\" aria-invalid=\"false\" placeholder=\"Geben Sie den Best\u00e4tigungs-Code\" value=\"\" type=\"text\" name=\"captcha-688\" \/><\/span>\n<\/p>\n<p><input class=\"wpcf7-form-control wpcf7-submit has-spinner\" type=\"submit\" value=\"Senden\" \/>\n<\/p><div class=\"wpcf7-response-output\" aria-hidden=\"true\"><\/div>\n<\/form>\n<\/div>\n\n\n\t<\/div> <\/div><\/div><\/section><\/div><\/div><\/section>\n\t<section id=\"section_1\" class=\"section double-section section-border-no \" style=\"\">\n\t\t<div class=\"container\"><div class=\"row-fluid\">\n\t\t\t<div class=\"section-container section-fixed-background-yes  section-bgstyle-stretch rm-padding-no fullwidth-no \" style=\"padding-top:55px;padding-bottom:35px;background-color:#0a0a0a; background-color:rgba(10,10,10,1);\"><div class=\"inner-content\">\n\t<div id=\"brad_box_1\" class=\"box scheme1 border-bottom-radius-no border-top-radius-no  \" style=\"padding:20px;\">\n\t\t\n\t<h4 class=\"title textright default divider-dark divider-default textuppercase color-default\" style=\"margin-bottom:10px\"><span>Rechtlicher hinweis<\/span>\n\t<\/h4>\n\n\t<div class=\"column-text clearfix\">\n\t\t\n<p style=\"text-align: right;\">Kreisi Metall O\u00dc<br \/>\nKMKR EE101068459<br \/>\nReg nr 11236295<br \/>\nL\u00e4\u00e4ne-Virumaa, Estland\n\t<\/div> \n\t<\/div><\/div><\/div><div class=\"section-container section-fixed-background-yes  section-bgstyle-stretch rm-padding-no fullwidth-no \" style=\"padding-top:55px;padding-bottom:35px;background-color:#ffffff; background-color:rgba(255,255,255,1);\"><div class=\"inner-content\">\n\t<div id=\"brad_box_2\" class=\"box  border-bottom-radius-no border-top-radius-no  \" style=\"padding:20px;\">\n\t\t\n\t<h4 class=\"title textleft default divider-dark divider-default textuppercase color-default\" style=\"margin-bottom:10px\"><span>Kontakt<\/span>\n\t<\/h4>\n\n\t<div class=\"column-text clearfix\">\n\t\t\n<p style=\"text-align: left;\">Tel: <a href=\"tel:+37255604346\">+372 5560 4346<\/a><br \/>\nE-mail: info@vahvajussi.com<br \/>\nE-mail: info@kreisi.ee\n\t<\/div> \n\t<div class=\"single-image img-align-left \" data-animation-delay=\"0\" data-animation-effect=\"\">\n\t\t<img loading=\"lazy\" decoding=\"async\" width=\"250\" height=\"39\" src=\"https:\/\/www.vahvajussi.com\/wp-content\/uploads\/2014\/06\/kreisimetall-valge.png\" class=\"attachment-thumb-normal size-thumb-normal\" alt=\"\" \/>\n\t\t\t\n\t<\/div> \n\t<\/div><\/div><\/div>\n\t\t<\/div><\/div>\n\t<\/section>\n","protected":false},"excerpt":{"rendered":"Wenden Sie sich an uns Sie erreichen uns \u00fcber das folgende Kontaktformular. Rechtlicher hinweis Kreisi Metall O\u00dc KMKR EE101068459 Reg nr 11236295 L\u00e4\u00e4ne-Virumaa, Estland Kontakt Tel: +372 5560 4346 E-mail: info@vahvajussi.com E-mail: info@kreisi.ee","protected":false},"author":1,"featured_media":0,"parent":0,"menu_order":0,"comment_status":"closed","ping_status":"open","template":"","meta":{"footnotes":""},"class_list":["post-292","page","type-page","status-publish","hentry"],"_links":{"self":[{"href":"https:\/\/www.vahvajussi.com\/de\/wp-json\/wp\/v2\/pages\/292","targetHints":{"allow":["GET"]}}],"collection":[{"href":"https:\/\/www.vahvajussi.com\/de\/wp-json\/wp\/v2\/pages"}],"about":[{"href":"https:\/\/www.vahvajussi.com\/de\/wp-json\/wp\/v2\/types\/page"}],"author":[{"embeddable":true,"href":"https:\/\/www.vahvajussi.com\/de\/wp-json\/wp\/v2\/users\/1"}],"replies":[{"embeddable":true,"href":"https:\/\/www.vahvajussi.com\/de\/wp-json\/wp\/v2\/comments?post=292"}],"version-history":[{"count":12,"href":"https:\/\/www.vahvajussi.com\/de\/wp-json\/wp\/v2\/pages\/292\/revisions"}],"predecessor-version":[{"id":3114,"href":"https:\/\/www.vahvajussi.com\/de\/wp-json\/wp\/v2\/pages\/292\/revisions\/3114"}],"wp:attachment":[{"href":"https:\/\/www.vahvajussi.com\/de\/wp-json\/wp\/v2\/media?parent=292"}],"curies":[{"name":"wp","href":"https:\/\/api.w.org\/{rel}","templated":true}]}}