{"id":288,"date":"2014-06-30T16:13:58","date_gmt":"2014-06-30T16:13:58","guid":{"rendered":"http:\/\/www.vahvajussi.com\/?page_id=288"},"modified":"2015-01-05T12:21:52","modified_gmt":"2015-01-05T12:21:52","slug":"firmast","status":"publish","type":"page","link":"http:\/\/www.vahvajussi.com\/de\/firmast\/","title":{"rendered":"ZUR FIRMA"},"content":{"rendered":"<section id=\"section_0\" class=\"section  section-border-no section-height-content section-parallax-no section-bgtype-image section-fixed-background-yes  section-bgstyle-stretch section-triangle-no triangle-location-top section-overlay-no section-overlay-dot-no \" data-parallax_speed=\"0.8\" style=\"padding-top:80px;padding-bottom:80px;\" data-video-ratio=\"\"><div class=\"section-overlay\"><\/div><div class=\"container section-content\"><div class=\"row-fluid\"><div class=\"row-fluid bottom-margin-no \">\n\t<div class=\"span6\">\n\t\t<div class=\"inner-content\">\n\t\t\t\n\t<h1 class=\"title textleft default divider-dark divider-default textDefault color-default\" style=\"margin-bottom:20px\"><span>Zur firma<\/span>\n\t<\/h1>\n\n\t<div class=\"column-text clearfix\">\n\t\tDie Kreisi Metall O\u00dc ist ein zu 100 Prozent auf estnischem Kapital basierendes Privatunternehmen. Im Laufe unserer T\u00e4tigkeit haben wir seit 2006 reichlich Wissen und Erfahrungen gesammelt und k\u00f6nnen unseren Kunden das bieten, was sie brauchen und immer noch ein bisschen mehr. Die unter der Marke Vahva Jussi produzierten Holzkr\u00e4ne und -anh\u00e4nger sind bekannt durch ihre makellose Materialqualit\u00e4t und ihre Widerstandsf\u00e4higkeit.<\/p>\n<p>Wir konnten uns durch Vertrauen unserer Kooperationspartner, Weiterverk\u00e4ufer und Kunden und die gute Zusammenarbeit mit ihnen sicher und kr\u00e4ftig entwickeln. Ehrlichkeit, Loyalit\u00e4t und Professionalit\u00e4t sind die Begriffe, von denen wir bei den Beziehungen zu unseren Partnern ausgehen.\n\t<\/div> \n\t\t<\/div> \n\t<\/div> \n\n\t<div class=\"span6\">\n\t\t<div class=\"inner-content\">\n\t\t\t\n\t<div class=\"single-image img-align-none \" data-animation-delay=\"100\" data-animation-effect=\"\">\n\t\t<img loading=\"lazy\" decoding=\"async\" width=\"1200\" height=\"800\" src=\"http:\/\/www.vahvajussi.com\/wp-content\/uploads\/2014\/06\/photo-2-of-45.jpg\" class=\"attachment- size-\" alt=\"\" srcset=\"http:\/\/www.vahvajussi.com\/wp-content\/uploads\/2014\/06\/photo-2-of-45.jpg 1200w, http:\/\/www.vahvajussi.com\/wp-content\/uploads\/2014\/06\/photo-2-of-45-300x200.jpg 300w, http:\/\/www.vahvajussi.com\/wp-content\/uploads\/2014\/06\/photo-2-of-45-1030x686.jpg 1030w\" sizes=\"auto, (max-width: 1200px) 100vw, 1200px\" \/>\n\t\t\t\n\t<\/div> \n\t\t<\/div> \n\t<\/div> \n<\/div><\/div><\/div><\/section><\/div><\/div><\/section><style type=\"text\/css\">#section_1:after{border-top-color:#ffffff}#section_1.triangle-location-bottom:after{border-bottom-color:#ffffff}<\/style><section id=\"section_1\" class=\"section  section-border-no section-height-content section-parallax-no section-bgtype-image section-fixed-background-yes  section-bgstyle-stretch section-triangle-yes triangle-location-top section-overlay-no section-overlay-dot-no \" data-parallax_speed=\"0.8\" style=\"padding-top:80px;padding-bottom:90px;background-color:#0a0a0a;\" data-video-ratio=\"\"><div class=\"section-overlay\"><\/div><div class=\"container section-content\"><div class=\"row-fluid\">\n\t<h2 class=\"title textcenter default divider-dark divider-default textuppercase color-default\" style=\"margin-bottom:0px\"><span>Lernen Sie unsere Produktauswahl kennen<\/span>\n\t<\/h2>\n<div  class=\"hr border-medium normal-border aligncenter hr-border-dark hr-with-icon\" style=\"margin-top:20px;margin-bottom:50px;\"><span><i class=\"fa-circle-blank\"><\/i><\/span><\/div>\n<div id=\"portfolio_1\" class=\"portfolio \" ><div class=\"general-items style2 portfolio-items filterable-items portfolio-style1 overlay-style1 columns-3 element-padding-no  animate-when-visible\" data-columns=\"3\" data-fullwidth=\"no\" data-animation-delay=\"0\" data-animation-effect=\"fadeIn\"><div class=\"portfolio-item fenster  span \"><div class=\"inner-content\"><div class=\"image hoverlay\"><img loading=\"lazy\" decoding=\"async\" src=\"http:\/\/www.vahvajussi.com\/wp-content\/uploads\/2014\/07\/photo-32-of-452-300x200.jpg\" width=\"300\" height=\"200\" alt=\"photo (32 of 45)\" \/><div class=\"overlay\"><div class=\"overlay-content\"><a href=\"http:\/\/www.vahvajussi.com\/de\/portfolio\/vahva-jussi-320\/\" title=\"Vahva Jussi 320\" class=\"icon\"><i class=\"fa-add\"><\/i><\/a><\/div><\/div><\/div><div class=\"info\"><h5><a href=\"http:\/\/www.vahvajussi.com\/de\/portfolio\/vahva-jussi-320\/\" title=\"Vahva Jussi 320\">Vahva Jussi 320<\/a><\/h5><\/div><\/div><\/div><div class=\"portfolio-item fenster  span \"><div class=\"inner-content\"><div class=\"image hoverlay\"><img loading=\"lazy\" decoding=\"async\" src=\"http:\/\/www.vahvajussi.com\/wp-content\/uploads\/2014\/07\/photo-35-of-452-300x200.jpg\" width=\"300\" height=\"200\" alt=\"photo (35 of 45)\" \/><div class=\"overlay\"><div class=\"overlay-content\"><a href=\"http:\/\/www.vahvajussi.com\/de\/portfolio\/vahva-jussi-2\/\" title=\"Vahva Jussi 400\" class=\"icon\"><i class=\"fa-add\"><\/i><\/a><\/div><\/div><\/div><div class=\"info\"><h5><a href=\"http:\/\/www.vahvajussi.com\/de\/portfolio\/vahva-jussi-2\/\" title=\"Vahva Jussi 400\">Vahva Jussi 400<\/a><\/h5><\/div><\/div><\/div><div class=\"portfolio-item anhanger  span \"><div class=\"inner-content\"><div class=\"image hoverlay\"><img loading=\"lazy\" decoding=\"async\" src=\"http:\/\/www.vahvajussi.com\/wp-content\/uploads\/2014\/07\/photo-2-of-453-300x200.jpg\" width=\"300\" height=\"200\" alt=\"photo (2 of 45)\" \/><div class=\"overlay\"><div class=\"overlay-content\"><a href=\"http:\/\/www.vahvajussi.com\/de\/portfolio\/vahva-jussi-3\/\" title=\"Anh\u00e4nger\" class=\"icon\"><i class=\"fa-add\"><\/i><\/a><\/div><\/div><\/div><div class=\"info\"><h5><a href=\"http:\/\/www.vahvajussi.com\/de\/portfolio\/vahva-jussi-3\/\" title=\"Anh\u00e4nger\">Anh\u00e4nger<\/a><\/h5><\/div><\/div><\/div><div class=\"portfolio-item wasserkraftwerke  span \"><div class=\"inner-content\"><div class=\"image hoverlay\"><img loading=\"lazy\" decoding=\"async\" src=\"http:\/\/www.vahvajussi.com\/wp-content\/uploads\/2014\/07\/photo-8-of-45-300x200.jpg\" width=\"300\" height=\"200\" alt=\"photo (8 of 45)\" \/><div class=\"overlay\"><div class=\"overlay-content\"><a href=\"http:\/\/www.vahvajussi.com\/de\/portfolio\/vahva-jussi-4\/\" title=\"Hydraulikaggregat\" class=\"icon\"><i class=\"fa-add\"><\/i><\/a><\/div><\/div><\/div><div class=\"info\"><h5><a href=\"http:\/\/www.vahvajussi.com\/de\/portfolio\/vahva-jussi-4\/\" title=\"Hydraulikaggregat\">Hydraulikaggregat<\/a><\/h5><\/div><\/div><\/div><div class=\"portfolio-item der-kasten-und-der-eimer kallutav-kast-ja-kopp-de  span \"><div class=\"inner-content\"><div class=\"image hoverlay\"><img loading=\"lazy\" decoding=\"async\" src=\"http:\/\/www.vahvajussi.com\/wp-content\/uploads\/2014\/07\/photo-13-of-45-300x200.jpg\" width=\"300\" height=\"200\" alt=\"photo (13 of 45)\" \/><div class=\"overlay\"><div class=\"overlay-content\"><a href=\"http:\/\/www.vahvajussi.com\/de\/portfolio\/vahva-jussi-5\/\" title=\"Hydraulische Kipp-Pritsche\" class=\"icon\"><i class=\"fa-add\"><\/i><\/a><\/div><\/div><\/div><div class=\"info\"><h5><a href=\"http:\/\/www.vahvajussi.com\/de\/portfolio\/vahva-jussi-5\/\" title=\"Hydraulische Kipp-Pritsche\">Hydraulische Kipp-Pritsche<\/a><\/h5><\/div><\/div><\/div><div class=\"portfolio-item fakultativ  span \"><div class=\"inner-content\"><div class=\"image hoverlay\"><img loading=\"lazy\" decoding=\"async\" src=\"http:\/\/www.vahvajussi.com\/wp-content\/uploads\/2014\/07\/photo-15-of-45-300x200.jpg\" width=\"300\" height=\"200\" alt=\"photo (15 of 45)\" \/><div class=\"overlay\"><div class=\"overlay-content\"><a href=\"http:\/\/www.vahvajussi.com\/de\/portfolio\/vahva-jussi-6\/\" title=\"Energieholz-Zange\" class=\"icon\"><i class=\"fa-add\"><\/i><\/a><\/div><\/div><\/div><div class=\"info\"><h5><a href=\"http:\/\/www.vahvajussi.com\/de\/portfolio\/vahva-jussi-6\/\" title=\"Energieholz-Zange\">Energieholz-Zange<\/a><\/h5><\/div><\/div><\/div><\/div><\/div><\/div><\/div><\/section>\n","protected":false},"excerpt":{"rendered":"","protected":false},"author":1,"featured_media":0,"parent":0,"menu_order":0,"comment_status":"closed","ping_status":"open","template":"","meta":{"footnotes":""},"class_list":["post-288","page","type-page","status-publish","hentry"],"_links":{"self":[{"href":"http:\/\/www.vahvajussi.com\/de\/wp-json\/wp\/v2\/pages\/288","targetHints":{"allow":["GET"]}}],"collection":[{"href":"http:\/\/www.vahvajussi.com\/de\/wp-json\/wp\/v2\/pages"}],"about":[{"href":"http:\/\/www.vahvajussi.com\/de\/wp-json\/wp\/v2\/types\/page"}],"author":[{"embeddable":true,"href":"http:\/\/www.vahvajussi.com\/de\/wp-json\/wp\/v2\/users\/1"}],"replies":[{"embeddable":true,"href":"http:\/\/www.vahvajussi.com\/de\/wp-json\/wp\/v2\/comments?post=288"}],"version-history":[{"count":9,"href":"http:\/\/www.vahvajussi.com\/de\/wp-json\/wp\/v2\/pages\/288\/revisions"}],"predecessor-version":[{"id":2954,"href":"http:\/\/www.vahvajussi.com\/de\/wp-json\/wp\/v2\/pages\/288\/revisions\/2954"}],"wp:attachment":[{"href":"http:\/\/www.vahvajussi.com\/de\/wp-json\/wp\/v2\/media?parent=288"}],"curies":[{"name":"wp","href":"https:\/\/api.w.org\/{rel}","templated":true}]}}