{"id":286,"date":"2014-06-30T16:13:46","date_gmt":"2014-06-30T16:13:46","guid":{"rendered":"http:\/\/www.vahvajussi.com\/?page_id=286"},"modified":"2014-12-17T11:47:36","modified_gmt":"2014-12-17T11:47:36","slug":"avaleht","status":"publish","type":"page","link":"http:\/\/www.vahvajussi.com\/de\/","title":{"rendered":"STARTSEITE"},"content":{"rendered":"<div class=\"row-fluid bottom-margin-yes \">\n\t<div class=\"span12\">\n\t\t<div class=\"inner-content\">\n\t\t\t<style type='text\/css'>#feature_boxes_1 .feature_box > .brad-icon{color:#444444;color:rgba(68,68,68,1);}<\/style>\n\t<div id=\"feature_boxes_container_1\" class=\"clearfix\" style=\"margin-bottom:0\">\n\t\t<div id=\"feature_boxes_1\" class=\"row-fluid style1 background-shadow-no background-radius-yes feature_boxes box-style3 normal-size element-inner-vertical-padding-medium element-inner-horizental-padding-medium  iconbox-style1 title-divider-yes title-divider-light title-divider-default align-content-center-yes align-icon-center-yes columns-3 crease-background-no element-padding-medium  \">\n\t\t\t<div class=\"span\"><div class=\"inner-content \" data-animation-delay=\"0\" data-animation-effect=\"\"><div class=\"feature_box\"><span  class=\"brad-icon \" data-animation-delay=\"0\" data-animation-effect=\"\"><i class=\"ss-air ss-check\"><\/i><\/span><div class=\"feature-content\">\n<h2><a href=\"http:\/\/www.vahvajussi.com\/de\/tooted\/\">KR\u00c4NE<\/a><\/h2>\n<p><a href=\"http:\/\/www.vahvajussi.com\/de\/tooted\/\"><img loading=\"lazy\" decoding=\"async\" class=\"aligncenter size-medium wp-image-2600\" src=\"http:\/\/www.vahvajussi.com\/wp-content\/uploads\/2014\/12\/12.png\" alt=\"12\" width=\"300\" height=\"200\" \/><\/a><\/p>\n<h4>Die Kr\u00e4ne von Vahva Jussi zeichnen sich durch Widerstandsf\u00e4higkeit in harten Bedingungen und durch makellose Qualit\u00e4t aus.<\/h4>\n<\/div><\/div><\/div><\/div><div class=\"span\"><div class=\"inner-content \" data-animation-delay=\"0\" data-animation-effect=\"\"><div class=\"feature_box\"><span  class=\"brad-icon \" data-animation-delay=\"0\" data-animation-effect=\"\"><i class=\"ss-air ss-check\"><\/i><\/span><div class=\"feature-content\">\n<h2><a href=\"http:\/\/www.vahvajussi.com\/de\/tooted\/\">ANH\u00c4NGER<\/a><\/h2>\n<p><a href=\"http:\/\/www.vahvajussi.com\/de\/tooted\/\"><img loading=\"lazy\" decoding=\"async\" class=\"aligncenter size-medium wp-image-2607\" src=\"http:\/\/www.vahvajussi.com\/wp-content\/uploads\/2014\/12\/2.png\" alt=\"lisad\" width=\"300\" height=\"200\" \/><\/a><\/p>\n<h4>Die Anh\u00e4nger bestehen aus hochwertigem Material und einem starken Rohrrahmen, die Festigkeit verleihen.<\/h4>\n<\/div><\/div><\/div><\/div><div class=\"span\"><div class=\"inner-content \" data-animation-delay=\"0\" data-animation-effect=\"\"><div class=\"feature_box\"><span  class=\"brad-icon \" data-animation-delay=\"0\" data-animation-effect=\"\"><i class=\"ss-air ss-check\"><\/i><\/span><div class=\"feature-content\">\n<h2><a href=\"http:\/\/www.vahvajussi.com\/de\/tooted\/\">ERG\u00c4NZUNGEN<\/a><\/h2>\n<p><a href=\"http:\/\/www.vahvajussi.com\/de\/tooted\/\"><img loading=\"lazy\" decoding=\"async\" class=\"aligncenter size-medium wp-image-2604\" src=\"http:\/\/www.vahvajussi.com\/wp-content\/uploads\/2014\/12\/3.jpg\" alt=\"t\u00f5stukid\" width=\"300\" height=\"200\" \/><\/a><\/p>\n<h4>Bei den Zusatzausr\u00fcstungen k\u00f6nnen Sie passende Zusatzger\u00e4te ausw\u00e4hlen, die die Arbeit leichter und schneller gestalten.<\/h4>\n<\/div><\/div><\/div><\/div>\n\t\t<\/div>\n\t<\/div>\n\n\t\t<\/div> \n\t<\/div> \n<\/div><style type=\"text\/css\">#section_0:after{border-top-color:#ffffff}#section_0.triangle-location-bottom:after{border-bottom-color:#ffffff}<\/style><section id=\"section_0\" class=\"section  section-border-no section-height-content section-parallax-no section-bgtype-image section-fixed-background-yes  section-bgstyle-stretch section-triangle-yes triangle-location-top section-overlay-no section-overlay-dot-no \" data-parallax_speed=\"0.8\" style=\"padding-top:80px;padding-bottom:90px;background-color:#0a0a0a;\" data-video-ratio=\"\"><div class=\"section-overlay\"><\/div><div class=\"container section-content\"><div class=\"row-fluid\">\n\t<h2 class=\"title textcenter default divider-dark divider-default textuppercase color-default\" style=\"margin-bottom:0px\"><span>Lernen Sie unsere Produktauswahl kennen<\/span>\n\t<\/h2>\n<div  class=\"hr border-medium normal-border aligncenter hr-border-dark hr-with-icon\" style=\"margin-top:20px;margin-bottom:50px;\"><span><i class=\"fa-circle-blank\"><\/i><\/span><\/div>\n<div id=\"portfolio_1\" class=\"portfolio \" ><div class=\"general-items style2 portfolio-items filterable-items portfolio-style1 overlay-style1 columns-3 element-padding-no  animate-when-visible\" data-columns=\"3\" data-fullwidth=\"no\" data-animation-delay=\"0\" data-animation-effect=\"fadeIn\"><div class=\"portfolio-item fenster  span \"><div class=\"inner-content\"><div class=\"image hoverlay\"><img loading=\"lazy\" decoding=\"async\" src=\"http:\/\/www.vahvajussi.com\/wp-content\/uploads\/2014\/07\/photo-32-of-452-300x200.jpg\" width=\"300\" height=\"200\" alt=\"photo (32 of 45)\" \/><div class=\"overlay\"><div class=\"overlay-content\"><a href=\"http:\/\/www.vahvajussi.com\/de\/portfolio\/vahva-jussi-320\/\" title=\"Vahva Jussi 320\" class=\"icon\"><i class=\"fa-add\"><\/i><\/a><\/div><\/div><\/div><div class=\"info\"><h5><a href=\"http:\/\/www.vahvajussi.com\/de\/portfolio\/vahva-jussi-320\/\" title=\"Vahva Jussi 320\">Vahva Jussi 320<\/a><\/h5><\/div><\/div><\/div><div class=\"portfolio-item fenster  span \"><div class=\"inner-content\"><div class=\"image hoverlay\"><img loading=\"lazy\" decoding=\"async\" src=\"http:\/\/www.vahvajussi.com\/wp-content\/uploads\/2014\/07\/photo-35-of-452-300x200.jpg\" width=\"300\" height=\"200\" alt=\"photo (35 of 45)\" \/><div class=\"overlay\"><div class=\"overlay-content\"><a href=\"http:\/\/www.vahvajussi.com\/de\/portfolio\/vahva-jussi-2\/\" title=\"Vahva Jussi 400\" class=\"icon\"><i class=\"fa-add\"><\/i><\/a><\/div><\/div><\/div><div class=\"info\"><h5><a href=\"http:\/\/www.vahvajussi.com\/de\/portfolio\/vahva-jussi-2\/\" title=\"Vahva Jussi 400\">Vahva Jussi 400<\/a><\/h5><\/div><\/div><\/div><div class=\"portfolio-item anhanger  span \"><div class=\"inner-content\"><div class=\"image hoverlay\"><img loading=\"lazy\" decoding=\"async\" src=\"http:\/\/www.vahvajussi.com\/wp-content\/uploads\/2014\/07\/photo-2-of-453-300x200.jpg\" width=\"300\" height=\"200\" alt=\"photo (2 of 45)\" \/><div class=\"overlay\"><div class=\"overlay-content\"><a href=\"http:\/\/www.vahvajussi.com\/de\/portfolio\/vahva-jussi-3\/\" title=\"Anh\u00e4nger\" class=\"icon\"><i class=\"fa-add\"><\/i><\/a><\/div><\/div><\/div><div class=\"info\"><h5><a href=\"http:\/\/www.vahvajussi.com\/de\/portfolio\/vahva-jussi-3\/\" title=\"Anh\u00e4nger\">Anh\u00e4nger<\/a><\/h5><\/div><\/div><\/div><div class=\"portfolio-item wasserkraftwerke  span \"><div class=\"inner-content\"><div class=\"image hoverlay\"><img loading=\"lazy\" decoding=\"async\" src=\"http:\/\/www.vahvajussi.com\/wp-content\/uploads\/2014\/07\/photo-8-of-45-300x200.jpg\" width=\"300\" height=\"200\" alt=\"photo (8 of 45)\" \/><div class=\"overlay\"><div class=\"overlay-content\"><a href=\"http:\/\/www.vahvajussi.com\/de\/portfolio\/vahva-jussi-4\/\" title=\"Hydraulikaggregat\" class=\"icon\"><i class=\"fa-add\"><\/i><\/a><\/div><\/div><\/div><div class=\"info\"><h5><a href=\"http:\/\/www.vahvajussi.com\/de\/portfolio\/vahva-jussi-4\/\" title=\"Hydraulikaggregat\">Hydraulikaggregat<\/a><\/h5><\/div><\/div><\/div><div class=\"portfolio-item der-kasten-und-der-eimer kallutav-kast-ja-kopp-de  span \"><div class=\"inner-content\"><div class=\"image hoverlay\"><img loading=\"lazy\" decoding=\"async\" src=\"http:\/\/www.vahvajussi.com\/wp-content\/uploads\/2014\/07\/photo-13-of-45-300x200.jpg\" width=\"300\" height=\"200\" alt=\"photo (13 of 45)\" \/><div class=\"overlay\"><div class=\"overlay-content\"><a href=\"http:\/\/www.vahvajussi.com\/de\/portfolio\/vahva-jussi-5\/\" title=\"Hydraulische Kipp-Pritsche\" class=\"icon\"><i class=\"fa-add\"><\/i><\/a><\/div><\/div><\/div><div class=\"info\"><h5><a href=\"http:\/\/www.vahvajussi.com\/de\/portfolio\/vahva-jussi-5\/\" title=\"Hydraulische Kipp-Pritsche\">Hydraulische Kipp-Pritsche<\/a><\/h5><\/div><\/div><\/div><div class=\"portfolio-item fakultativ  span \"><div class=\"inner-content\"><div class=\"image hoverlay\"><img loading=\"lazy\" decoding=\"async\" src=\"http:\/\/www.vahvajussi.com\/wp-content\/uploads\/2014\/07\/photo-15-of-45-300x200.jpg\" width=\"300\" height=\"200\" alt=\"photo (15 of 45)\" \/><div class=\"overlay\"><div class=\"overlay-content\"><a href=\"http:\/\/www.vahvajussi.com\/de\/portfolio\/vahva-jussi-6\/\" title=\"Energieholz-Zange\" class=\"icon\"><i class=\"fa-add\"><\/i><\/a><\/div><\/div><\/div><div class=\"info\"><h5><a href=\"http:\/\/www.vahvajussi.com\/de\/portfolio\/vahva-jussi-6\/\" title=\"Energieholz-Zange\">Energieholz-Zange<\/a><\/h5><\/div><\/div><\/div><\/div><\/div><\/div><\/div><\/section><\/div><\/div><\/section><style type=\"text\/css\">#section_1:after{border-top-color:#000000}#section_1.triangle-location-bottom:after{border-bottom-color:#000000}<\/style><section id=\"section_1\" class=\"section  section-border-no section-height-content section-parallax-yes section-bgtype-image section-fixed-background-yes  section-bgstyle-stretch section-triangle-yes triangle-location-top section-overlay-no section-overlay-dot-no \" data-parallax_speed=\"0.6\" style=\"padding-top:110px;padding-bottom:120px;background-color:#ffffff;background-image:url(http:\/\/www.vahvajussi.com\/wp-content\/uploads\/2014\/06\/slider1.jpg);\" data-video-ratio=\"\"><div class=\"section-overlay\"><\/div><div class=\"container section-content\"><div class=\"row-fluid\"><div class=\"row-fluid bottom-margin-no \">\n\t<div class=\"span3\">\n\t\t<div class=\"inner-content\">\n\t\t\t<div class=\"gap \" style=\"height:20px;line-height:20px;\" ><\/div>\n\n\t\t<\/div> \n\t<\/div> \n\n\t<div class=\"span6\">\n\t\t<div class=\"inner-content\">\n\t\t\t\n\t<div id=\"brad_box_1\" class=\"box  border-bottom-radius-yes border-top-radius-yes  \" style=\"padding:35px 40px 40px;background-color:#eeee22;background-color:rgba(238,238,34,0.85);\">\n\t\t\n\t<h4 class=\"title textleft default divider-dark divider-default textuppercase color-default\" style=\"margin-bottom:0px\"><span>Forsttechnik von Vahva Jussi \u2013 lange bew\u00e4hrt<\/span>\n\t<\/h4>\n<div  class=\"hr border-small double-border alignleft hr-border-dark\" style=\"margin-top:15px;margin-bottom:20px;\"><span><\/span><\/div>\n\n\t<div class=\"column-text clearfix\">\n\t\tSeit 2006 stellen wir zur Pflege und zum Transport von Holz mit ATVs, UTVs und Kleintraktoren die Holzkr\u00e4ne und Anh\u00e4nger Vahva Jussi her. Das geringe Gewicht unserer Produkte und deren Widerstandsf\u00e4higkeit erm\u00f6glichen Ihnen ein schnelles Fahren in schwierigem Gel\u00e4nde ohne dabei die Natur zu besch\u00e4digen. Durchforstung, Lichtung und Wartung von Waldwegen sind mit den Forstmaschinen von Vahva Jussi einfach zu bewerkstelligen. Die Produkte von Vahva Jussi haben sich mit ihrer Verl\u00e4sslichkeit in Estland und Skandinavien, aber auch im \u00fcbrigen Europa bew\u00e4hrt.\n\t<\/div> <div class=\"gap \" style=\"height:20px;line-height:20px;\" ><\/div>\n<style type='text\/css'>#brad_button_1:hover .brad-icon{ background-color:#4d4d4d;border-color:#4d4d4d;}#brad_button_1 .brad-icon{color:#ffffff;background-color:#2a2a2a;}<\/style><a id=\"brad_button_1\" class=\"readmore\" title=\"Weiter\" href=\"http:\/\/www.vahvajussi.com\/?page_id=229\"><span  class=\"brad-icon style3 size-medium icon-left\" ><i class=\"ss-air ss-navigateright\"><\/i><\/span>Weiter<\/a>\n\n\t<\/div>\n\t\t<\/div> \n\t<\/div> \n\n\t<div class=\"span3\">\n\t\t<div class=\"inner-content\">\n\t\t\t\n\t\t<\/div> \n\t<\/div> \n<\/div><\/div><\/div><\/section><\/div><\/div><\/section><section id=\"section_2\" class=\"section  section-border-no section-height-content section-parallax-no section-bgtype-image section-fixed-background-yes  section-bgstyle-stretch section-triangle-no triangle-location-top section-overlay-no section-overlay-dot-no \" data-parallax_speed=\"0.8\" style=\"padding-top:90px;padding-bottom:100px;\" data-video-ratio=\"\"><div class=\"section-overlay\"><\/div><div class=\"container section-content\"><div class=\"row-fluid\"><div class=\"row-fluid bottom-margin-no \">\n\t<div class=\"span12\">\n\t\t<div class=\"inner-content\">\n\t\t\t\n\t<h4 class=\"title textleft style1 divider-dark divider-default textuppercase color-default\" style=\"margin-bottom:25px\"><span>ZUR FIRMA<\/span>\n\t<\/h4>\n\n\t<div class=\"column-text clearfix\">\n\t\tDie Kreisi Metall O\u00dc ist ein zu 100 Prozent auf estnischem Kapital basierendes Privatunternehmen. Im Laufe unserer T\u00e4tigkeit haben wir seit 2006 reichlich Wissen und Erfahrungen gesammelt und k\u00f6nnen unseren Kunden das bieten, was sie brauchen und immer noch ein bisschen mehr. Die unter der Marke Vahva Jussi produzierten Holzkr\u00e4ne und -anh\u00e4nger sind bekannt durch ihre makellose Materialqualit\u00e4t und ihre Widerstandsf\u00e4higkeit.<\/p>\n<p>Wir konnten uns durch Vertrauen unserer Kooperationspartner, Weiterverk\u00e4ufer und Kunden und die gute Zusammenarbeit mit ihnen sicher und kr\u00e4ftig entwickeln. Ehrlichkeit, Loyalit\u00e4t und Professionalit\u00e4t sind die Begriffe, von denen wir bei den Beziehungen zu unseren Partnern ausgehen.<\/p>\n<p>Mit freundlichen Gr\u00fc\u00dfen<br \/>\nIhre Kreisi Metall O\u00dc\n\t<\/div> \n\t\t<\/div> \n\t<\/div> \n<\/div><\/div><\/div><\/section>\n","protected":false},"excerpt":{"rendered":"","protected":false},"author":1,"featured_media":0,"parent":0,"menu_order":0,"comment_status":"closed","ping_status":"open","template":"","meta":{"footnotes":""},"class_list":["post-286","page","type-page","status-publish","hentry"],"_links":{"self":[{"href":"http:\/\/www.vahvajussi.com\/de\/wp-json\/wp\/v2\/pages\/286","targetHints":{"allow":["GET"]}}],"collection":[{"href":"http:\/\/www.vahvajussi.com\/de\/wp-json\/wp\/v2\/pages"}],"about":[{"href":"http:\/\/www.vahvajussi.com\/de\/wp-json\/wp\/v2\/types\/page"}],"author":[{"embeddable":true,"href":"http:\/\/www.vahvajussi.com\/de\/wp-json\/wp\/v2\/users\/1"}],"replies":[{"embeddable":true,"href":"http:\/\/www.vahvajussi.com\/de\/wp-json\/wp\/v2\/comments?post=286"}],"version-history":[{"count":17,"href":"http:\/\/www.vahvajussi.com\/de\/wp-json\/wp\/v2\/pages\/286\/revisions"}],"predecessor-version":[{"id":2974,"href":"http:\/\/www.vahvajussi.com\/de\/wp-json\/wp\/v2\/pages\/286\/revisions\/2974"}],"wp:attachment":[{"href":"http:\/\/www.vahvajussi.com\/de\/wp-json\/wp\/v2\/media?parent=286"}],"curies":[{"name":"wp","href":"https:\/\/api.w.org\/{rel}","templated":true}]}}